{"id":2881,"date":"2020-11-04T19:02:07","date_gmt":"2020-11-04T19:02:07","guid":{"rendered":"https:\/\/aberturasdelpilar.com.ar\/w\/?post_type=product&#038;p=2881"},"modified":"2020-11-04T19:04:10","modified_gmt":"2020-11-04T19:04:10","slug":"puerta-corrediza-de-embutir-2006-sofia","status":"publish","type":"product","link":"https:\/\/aberturasdelpilar.com.ar\/a\/product\/puerta-corrediza-de-embutir-2006-sofia\/","title":{"rendered":"Puerta Corrediza de Embutir 2006 Sofia"},"content":{"rendered":"<div class=\"wpb-content-wrapper\"><p>[vc_row][vc_column][vc_column_text]Construidas con bastidor perimetral de madera de pino Clear y panel interior \u201cnido de abejas\u201d de material celul\u00f3sico.<br \/>\nGROMANTI presenta la nueva l\u00ednea 2006 de Puertas Placa para interior en sus Modelos SOFIA y AMERICANA con Bu\u00f1as y AMERICANA 2 con Insertos de Aluminio; una propuesta innovadora que jerarquizar\u00e1 al m\u00e1s moderno ambiente.<\/p>\n<p>La m\u00e1s alta calidad constructiva est\u00e1 implicada en cada puerta GROMANTI. Un producto perdurable y de excelente prestaci\u00f3n es el mejor resultado.[\/vc_column_text][\/vc_column][\/vc_row]<\/p>\n<\/div>","protected":false},"excerpt":{"rendered":"<h4>Puerta de madera para interiores<br \/>\n<a href=\"https:\/\/aberturasdelpilar.com.ar\/a\/wp-content\/uploads\/2020\/09\/A-gromanti.jpg\"><img loading=\"lazy\" decoding=\"async\" class=\"alignnone wp-image-2085 size-full\" src=\"https:\/\/aberturasdelpilar.com.ar\/a\/wp-content\/uploads\/2020\/09\/A-gromanti.jpg\" alt=\"\" width=\"150\" height=\"42\" \/><\/a><\/h4>\n","protected":false},"featured_media":2878,"template":"","meta":[],"product_brand":[],"product_cat":[117,118],"product_tag":[221,49,69,68],"class_list":{"0":"post-2881","1":"product","2":"type-product","3":"status-publish","4":"has-post-thumbnail","6":"product_cat-gromanti","7":"product_cat-puertas-de-interior-gromanti","8":"product_tag-corrediza","9":"product_tag-interior","10":"product_tag-madera","11":"product_tag-puerta","13":"first","14":"instock","15":"shipping-taxable","16":"purchasable","17":"product-type-simple"},"yoast_head":"<!-- This site is optimized with the Yoast SEO plugin v27.5 - https:\/\/yoast.com\/product\/yoast-seo-wordpress\/ -->\n<title>Puerta Corrediza de Embutir 2006 Sofia - Aberturas del Pilar<\/title>\n<meta name=\"robots\" content=\"index, follow, max-snippet:-1, max-image-preview:large, max-video-preview:-1\" \/>\n<link rel=\"canonical\" href=\"https:\/\/aberturasdelpilar.com.ar\/a\/product\/puerta-corrediza-de-embutir-2006-sofia\/\" \/>\n<meta property=\"og:locale\" content=\"es_ES\" \/>\n<meta property=\"og:type\" content=\"article\" \/>\n<meta property=\"og:title\" content=\"Puerta Corrediza de Embutir 2006 Sofia - Aberturas del Pilar\" \/>\n<meta property=\"og:description\" content=\"Puerta de madera para interiores\" \/>\n<meta property=\"og:url\" content=\"https:\/\/aberturasdelpilar.com.ar\/a\/product\/puerta-corrediza-de-embutir-2006-sofia\/\" \/>\n<meta property=\"og:site_name\" content=\"Aberturas del Pilar\" \/>\n<meta property=\"article:modified_time\" content=\"2020-11-04T19:04:10+00:00\" \/>\n<meta property=\"og:image\" content=\"https:\/\/aberturasdelpilar.com.ar\/a\/wp-content\/uploads\/2020\/11\/corredizadeembutir2006sofia.jpg\" \/>\n\t<meta property=\"og:image:width\" content=\"1200\" \/>\n\t<meta property=\"og:image:height\" content=\"1200\" \/>\n\t<meta property=\"og:image:type\" content=\"image\/jpeg\" \/>\n<meta name=\"twitter:card\" content=\"summary_large_image\" \/>\n<script type=\"application\/ld+json\" class=\"yoast-schema-graph\">{\"@context\":\"https:\\\/\\\/schema.org\",\"@graph\":[{\"@type\":\"WebPage\",\"@id\":\"https:\\\/\\\/aberturasdelpilar.com.ar\\\/a\\\/product\\\/puerta-corrediza-de-embutir-2006-sofia\\\/\",\"url\":\"https:\\\/\\\/aberturasdelpilar.com.ar\\\/a\\\/product\\\/puerta-corrediza-de-embutir-2006-sofia\\\/\",\"name\":\"Puerta Corrediza de Embutir 2006 Sofia - Aberturas del Pilar\",\"isPartOf\":{\"@id\":\"https:\\\/\\\/aberturasdelpilar.com.ar\\\/a\\\/#website\"},\"primaryImageOfPage\":{\"@id\":\"https:\\\/\\\/aberturasdelpilar.com.ar\\\/a\\\/product\\\/puerta-corrediza-de-embutir-2006-sofia\\\/#primaryimage\"},\"image\":{\"@id\":\"https:\\\/\\\/aberturasdelpilar.com.ar\\\/a\\\/product\\\/puerta-corrediza-de-embutir-2006-sofia\\\/#primaryimage\"},\"thumbnailUrl\":\"https:\\\/\\\/aberturasdelpilar.com.ar\\\/a\\\/wp-content\\\/uploads\\\/2020\\\/11\\\/corredizadeembutir2006sofia.jpg\",\"datePublished\":\"2020-11-04T19:02:07+00:00\",\"dateModified\":\"2020-11-04T19:04:10+00:00\",\"breadcrumb\":{\"@id\":\"https:\\\/\\\/aberturasdelpilar.com.ar\\\/a\\\/product\\\/puerta-corrediza-de-embutir-2006-sofia\\\/#breadcrumb\"},\"inLanguage\":\"es\",\"potentialAction\":[{\"@type\":\"ReadAction\",\"target\":[\"https:\\\/\\\/aberturasdelpilar.com.ar\\\/a\\\/product\\\/puerta-corrediza-de-embutir-2006-sofia\\\/\"]}]},{\"@type\":\"ImageObject\",\"inLanguage\":\"es\",\"@id\":\"https:\\\/\\\/aberturasdelpilar.com.ar\\\/a\\\/product\\\/puerta-corrediza-de-embutir-2006-sofia\\\/#primaryimage\",\"url\":\"https:\\\/\\\/aberturasdelpilar.com.ar\\\/a\\\/wp-content\\\/uploads\\\/2020\\\/11\\\/corredizadeembutir2006sofia.jpg\",\"contentUrl\":\"https:\\\/\\\/aberturasdelpilar.com.ar\\\/a\\\/wp-content\\\/uploads\\\/2020\\\/11\\\/corredizadeembutir2006sofia.jpg\",\"width\":1200,\"height\":1200},{\"@type\":\"BreadcrumbList\",\"@id\":\"https:\\\/\\\/aberturasdelpilar.com.ar\\\/a\\\/product\\\/puerta-corrediza-de-embutir-2006-sofia\\\/#breadcrumb\",\"itemListElement\":[{\"@type\":\"ListItem\",\"position\":1,\"name\":\"Tienda\",\"item\":\"https:\\\/\\\/aberturasdelpilar.com.ar\\\/a\\\/tienda\\\/\"},{\"@type\":\"ListItem\",\"position\":2,\"name\":\"Puerta Corrediza de Embutir 2006 Sofia\"}]},{\"@type\":\"WebSite\",\"@id\":\"https:\\\/\\\/aberturasdelpilar.com.ar\\\/a\\\/#website\",\"url\":\"https:\\\/\\\/aberturasdelpilar.com.ar\\\/a\\\/\",\"name\":\"Aberturas del Pilar\",\"description\":\"F\u00e1brica de Cerramientos de Aluminio - Venta puertas y Portones\",\"publisher\":{\"@id\":\"https:\\\/\\\/aberturasdelpilar.com.ar\\\/a\\\/#organization\"},\"potentialAction\":[{\"@type\":\"SearchAction\",\"target\":{\"@type\":\"EntryPoint\",\"urlTemplate\":\"https:\\\/\\\/aberturasdelpilar.com.ar\\\/a\\\/?s={search_term_string}\"},\"query-input\":{\"@type\":\"PropertyValueSpecification\",\"valueRequired\":true,\"valueName\":\"search_term_string\"}}],\"inLanguage\":\"es\"},{\"@type\":\"Organization\",\"@id\":\"https:\\\/\\\/aberturasdelpilar.com.ar\\\/a\\\/#organization\",\"name\":\"Aberturas del Pilar\",\"url\":\"https:\\\/\\\/aberturasdelpilar.com.ar\\\/a\\\/\",\"logo\":{\"@type\":\"ImageObject\",\"inLanguage\":\"es\",\"@id\":\"https:\\\/\\\/aberturasdelpilar.com.ar\\\/a\\\/#\\\/schema\\\/logo\\\/image\\\/\",\"url\":\"https:\\\/\\\/aberturasdelpilar.com.ar\\\/a\\\/wp-content\\\/uploads\\\/2020\\\/07\\\/logo-delpilar-3.png\",\"contentUrl\":\"https:\\\/\\\/aberturasdelpilar.com.ar\\\/a\\\/wp-content\\\/uploads\\\/2020\\\/07\\\/logo-delpilar-3.png\",\"width\":494,\"height\":182,\"caption\":\"Aberturas del Pilar\"},\"image\":{\"@id\":\"https:\\\/\\\/aberturasdelpilar.com.ar\\\/a\\\/#\\\/schema\\\/logo\\\/image\\\/\"}}]}<\/script>\n<!-- \/ Yoast SEO plugin. -->","yoast_head_json":{"title":"Puerta Corrediza de Embutir 2006 Sofia - Aberturas del Pilar","robots":{"index":"index","follow":"follow","max-snippet":"max-snippet:-1","max-image-preview":"max-image-preview:large","max-video-preview":"max-video-preview:-1"},"canonical":"https:\/\/aberturasdelpilar.com.ar\/a\/product\/puerta-corrediza-de-embutir-2006-sofia\/","og_locale":"es_ES","og_type":"article","og_title":"Puerta Corrediza de Embutir 2006 Sofia - Aberturas del Pilar","og_description":"Puerta de madera para interiores","og_url":"https:\/\/aberturasdelpilar.com.ar\/a\/product\/puerta-corrediza-de-embutir-2006-sofia\/","og_site_name":"Aberturas del Pilar","article_modified_time":"2020-11-04T19:04:10+00:00","og_image":[{"width":1200,"height":1200,"url":"https:\/\/aberturasdelpilar.com.ar\/a\/wp-content\/uploads\/2020\/11\/corredizadeembutir2006sofia.jpg","type":"image\/jpeg"}],"twitter_card":"summary_large_image","schema":{"@context":"https:\/\/schema.org","@graph":[{"@type":"WebPage","@id":"https:\/\/aberturasdelpilar.com.ar\/a\/product\/puerta-corrediza-de-embutir-2006-sofia\/","url":"https:\/\/aberturasdelpilar.com.ar\/a\/product\/puerta-corrediza-de-embutir-2006-sofia\/","name":"Puerta Corrediza de Embutir 2006 Sofia - Aberturas del Pilar","isPartOf":{"@id":"https:\/\/aberturasdelpilar.com.ar\/a\/#website"},"primaryImageOfPage":{"@id":"https:\/\/aberturasdelpilar.com.ar\/a\/product\/puerta-corrediza-de-embutir-2006-sofia\/#primaryimage"},"image":{"@id":"https:\/\/aberturasdelpilar.com.ar\/a\/product\/puerta-corrediza-de-embutir-2006-sofia\/#primaryimage"},"thumbnailUrl":"https:\/\/aberturasdelpilar.com.ar\/a\/wp-content\/uploads\/2020\/11\/corredizadeembutir2006sofia.jpg","datePublished":"2020-11-04T19:02:07+00:00","dateModified":"2020-11-04T19:04:10+00:00","breadcrumb":{"@id":"https:\/\/aberturasdelpilar.com.ar\/a\/product\/puerta-corrediza-de-embutir-2006-sofia\/#breadcrumb"},"inLanguage":"es","potentialAction":[{"@type":"ReadAction","target":["https:\/\/aberturasdelpilar.com.ar\/a\/product\/puerta-corrediza-de-embutir-2006-sofia\/"]}]},{"@type":"ImageObject","inLanguage":"es","@id":"https:\/\/aberturasdelpilar.com.ar\/a\/product\/puerta-corrediza-de-embutir-2006-sofia\/#primaryimage","url":"https:\/\/aberturasdelpilar.com.ar\/a\/wp-content\/uploads\/2020\/11\/corredizadeembutir2006sofia.jpg","contentUrl":"https:\/\/aberturasdelpilar.com.ar\/a\/wp-content\/uploads\/2020\/11\/corredizadeembutir2006sofia.jpg","width":1200,"height":1200},{"@type":"BreadcrumbList","@id":"https:\/\/aberturasdelpilar.com.ar\/a\/product\/puerta-corrediza-de-embutir-2006-sofia\/#breadcrumb","itemListElement":[{"@type":"ListItem","position":1,"name":"Tienda","item":"https:\/\/aberturasdelpilar.com.ar\/a\/tienda\/"},{"@type":"ListItem","position":2,"name":"Puerta Corrediza de Embutir 2006 Sofia"}]},{"@type":"WebSite","@id":"https:\/\/aberturasdelpilar.com.ar\/a\/#website","url":"https:\/\/aberturasdelpilar.com.ar\/a\/","name":"Aberturas del Pilar","description":"F\u00e1brica de Cerramientos de Aluminio - Venta puertas y Portones","publisher":{"@id":"https:\/\/aberturasdelpilar.com.ar\/a\/#organization"},"potentialAction":[{"@type":"SearchAction","target":{"@type":"EntryPoint","urlTemplate":"https:\/\/aberturasdelpilar.com.ar\/a\/?s={search_term_string}"},"query-input":{"@type":"PropertyValueSpecification","valueRequired":true,"valueName":"search_term_string"}}],"inLanguage":"es"},{"@type":"Organization","@id":"https:\/\/aberturasdelpilar.com.ar\/a\/#organization","name":"Aberturas del Pilar","url":"https:\/\/aberturasdelpilar.com.ar\/a\/","logo":{"@type":"ImageObject","inLanguage":"es","@id":"https:\/\/aberturasdelpilar.com.ar\/a\/#\/schema\/logo\/image\/","url":"https:\/\/aberturasdelpilar.com.ar\/a\/wp-content\/uploads\/2020\/07\/logo-delpilar-3.png","contentUrl":"https:\/\/aberturasdelpilar.com.ar\/a\/wp-content\/uploads\/2020\/07\/logo-delpilar-3.png","width":494,"height":182,"caption":"Aberturas del Pilar"},"image":{"@id":"https:\/\/aberturasdelpilar.com.ar\/a\/#\/schema\/logo\/image\/"}}]}},"_links":{"self":[{"href":"https:\/\/aberturasdelpilar.com.ar\/a\/wp-json\/wp\/v2\/product\/2881","targetHints":{"allow":["GET"]}}],"collection":[{"href":"https:\/\/aberturasdelpilar.com.ar\/a\/wp-json\/wp\/v2\/product"}],"about":[{"href":"https:\/\/aberturasdelpilar.com.ar\/a\/wp-json\/wp\/v2\/types\/product"}],"wp:featuredmedia":[{"embeddable":true,"href":"https:\/\/aberturasdelpilar.com.ar\/a\/wp-json\/wp\/v2\/media\/2878"}],"wp:attachment":[{"href":"https:\/\/aberturasdelpilar.com.ar\/a\/wp-json\/wp\/v2\/media?parent=2881"}],"wp:term":[{"taxonomy":"product_brand","embeddable":true,"href":"https:\/\/aberturasdelpilar.com.ar\/a\/wp-json\/wp\/v2\/product_brand?post=2881"},{"taxonomy":"product_cat","embeddable":true,"href":"https:\/\/aberturasdelpilar.com.ar\/a\/wp-json\/wp\/v2\/product_cat?post=2881"},{"taxonomy":"product_tag","embeddable":true,"href":"https:\/\/aberturasdelpilar.com.ar\/a\/wp-json\/wp\/v2\/product_tag?post=2881"}],"curies":[{"name":"wp","href":"https:\/\/api.w.org\/{rel}","templated":true}]}}